{"id":26,"date":"2014-12-19T22:01:42","date_gmt":"2014-12-19T22:01:42","guid":{"rendered":"https:\/\/dev.tietzen.org\/?page_id=26"},"modified":"2021-12-27T13:19:08","modified_gmt":"2021-12-27T12:19:08","slug":"ttc","status":"publish","type":"page","link":"https:\/\/inaktionwuensdorf.de\/solabb\/ttc\/","title":{"rendered":"Teenie-Trainings-Camp (TTC)"},"content":{"rendered":"\t\t<div data-elementor-type=\"wp-page\" data-elementor-id=\"26\" class=\"elementor elementor-26\">\n\t\t\t\t\t\t<section class=\"elementor-section elementor-top-section elementor-element elementor-element-b8da54e elementor-section-boxed elementor-section-height-default elementor-section-height-default\" data-id=\"b8da54e\" data-element_type=\"section\" data-e-type=\"section\">\n\t\t\t\t\t\t<div class=\"elementor-container elementor-column-gap-default\">\n\t\t\t\t\t<div class=\"elementor-column elementor-col-100 elementor-top-column elementor-element elementor-element-a83e11d\" data-id=\"a83e11d\" data-element_type=\"column\" data-e-type=\"column\">\n\t\t\t<div class=\"elementor-widget-wrap elementor-element-populated\">\n\t\t\t\t\t\t<div class=\"elementor-element elementor-element-678e24e elementor-arrows-position-inside elementor-pagination-position-outside elementor-widget elementor-widget-image-carousel\" data-id=\"678e24e\" data-element_type=\"widget\" data-e-type=\"widget\" data-settings=\"{&quot;slides_to_show&quot;:&quot;5&quot;,&quot;slides_to_scroll&quot;:&quot;4&quot;,&quot;navigation&quot;:&quot;both&quot;,&quot;autoplay&quot;:&quot;yes&quot;,&quot;pause_on_hover&quot;:&quot;yes&quot;,&quot;pause_on_interaction&quot;:&quot;yes&quot;,&quot;autoplay_speed&quot;:5000,&quot;infinite&quot;:&quot;yes&quot;,&quot;speed&quot;:500}\" data-widget_type=\"image-carousel.default\">\n\t\t\t\t<div class=\"elementor-widget-container\">\n\t\t\t\t\t\t\t<div class=\"elementor-image-carousel-wrapper swiper\" role=\"region\" aria-roledescription=\"carousel\" aria-label=\"Bild Karussell\" dir=\"ltr\">\n\t\t\t<div class=\"elementor-image-carousel swiper-wrapper\" aria-live=\"off\">\n\t\t\t\t\t\t\t\t<div class=\"swiper-slide\" role=\"group\" aria-roledescription=\"slide\" aria-label=\"1 von 7\"><figure class=\"swiper-slide-inner\"><img decoding=\"async\" class=\"swiper-slide-image\" src=\"https:\/\/inaktionwuensdorf.de\/solabb\/wp-content\/uploads\/sites\/2\/2021\/12\/ttc-4-150x150.jpg\" alt=\"TTC\" \/><\/figure><\/div><div class=\"swiper-slide\" role=\"group\" aria-roledescription=\"slide\" aria-label=\"2 von 7\"><figure class=\"swiper-slide-inner\"><img decoding=\"async\" class=\"swiper-slide-image\" src=\"https:\/\/inaktionwuensdorf.de\/solabb\/wp-content\/uploads\/sites\/2\/2021\/12\/ttc-1-150x150.jpg\" alt=\"TTC\" \/><\/figure><\/div><div class=\"swiper-slide\" role=\"group\" aria-roledescription=\"slide\" aria-label=\"3 von 7\"><figure class=\"swiper-slide-inner\"><img decoding=\"async\" class=\"swiper-slide-image\" src=\"https:\/\/inaktionwuensdorf.de\/solabb\/wp-content\/uploads\/sites\/2\/2021\/12\/ttc-5-150x150.jpg\" alt=\"TTC\" \/><\/figure><\/div><div class=\"swiper-slide\" role=\"group\" aria-roledescription=\"slide\" aria-label=\"4 von 7\"><figure class=\"swiper-slide-inner\"><img decoding=\"async\" class=\"swiper-slide-image\" src=\"https:\/\/inaktionwuensdorf.de\/solabb\/wp-content\/uploads\/sites\/2\/2021\/12\/ttc-7-150x150.jpg\" alt=\"TTC\" \/><\/figure><\/div><div class=\"swiper-slide\" role=\"group\" aria-roledescription=\"slide\" aria-label=\"5 von 7\"><figure class=\"swiper-slide-inner\"><img decoding=\"async\" class=\"swiper-slide-image\" src=\"https:\/\/inaktionwuensdorf.de\/solabb\/wp-content\/uploads\/sites\/2\/2021\/12\/ttc-6-150x150.jpg\" alt=\"TTC\" \/><\/figure><\/div><div class=\"swiper-slide\" role=\"group\" aria-roledescription=\"slide\" aria-label=\"6 von 7\"><figure class=\"swiper-slide-inner\"><img decoding=\"async\" class=\"swiper-slide-image\" src=\"https:\/\/inaktionwuensdorf.de\/solabb\/wp-content\/uploads\/sites\/2\/2021\/12\/ttc-2-150x150.jpg\" alt=\"TTC\" \/><\/figure><\/div><div class=\"swiper-slide\" role=\"group\" aria-roledescription=\"slide\" aria-label=\"7 von 7\"><figure class=\"swiper-slide-inner\"><img decoding=\"async\" class=\"swiper-slide-image\" src=\"https:\/\/inaktionwuensdorf.de\/solabb\/wp-content\/uploads\/sites\/2\/2021\/12\/ttc-3-150x150.jpg\" alt=\"TTC\" \/><\/figure><\/div>\t\t\t<\/div>\n\t\t\t\t\t\t\t\t\t\t\t\t<div class=\"elementor-swiper-button elementor-swiper-button-prev\" role=\"button\" tabindex=\"0\">\n\t\t\t\t\t\t<i aria-hidden=\"true\" class=\"eicon-chevron-left\"><\/i>\t\t\t\t\t<\/div>\n\t\t\t\t\t<div class=\"elementor-swiper-button elementor-swiper-button-next\" role=\"button\" tabindex=\"0\">\n\t\t\t\t\t\t<i aria-hidden=\"true\" class=\"eicon-chevron-right\"><\/i>\t\t\t\t\t<\/div>\n\t\t\t\t\n\t\t\t\t\t\t\t\t\t<div class=\"swiper-pagination\"><\/div>\n\t\t\t\t\t\t\t\t\t<\/div>\n\t\t\t\t\t\t<\/div>\n\t\t\t\t<\/div>\n\t\t\t\t\t<\/div>\n\t\t<\/div>\n\t\t\t\t\t<\/div>\n\t\t<\/section>\n\t\t\t\t<section class=\"elementor-section elementor-top-section elementor-element elementor-element-1b54a217 elementor-section-boxed elementor-section-height-default elementor-section-height-default\" data-id=\"1b54a217\" data-element_type=\"section\" data-e-type=\"section\">\n\t\t\t\t\t\t<div class=\"elementor-container elementor-column-gap-default\">\n\t\t\t\t\t<div class=\"elementor-column elementor-col-100 elementor-top-column elementor-element elementor-element-6445eae3\" data-id=\"6445eae3\" data-element_type=\"column\" data-e-type=\"column\">\n\t\t\t<div class=\"elementor-widget-wrap elementor-element-populated\">\n\t\t\t\t\t\t<div class=\"elementor-element elementor-element-2b584af5 elementor-widget elementor-widget-text-editor\" data-id=\"2b584af5\" data-element_type=\"widget\" data-e-type=\"widget\" data-widget_type=\"text-editor.default\">\n\t\t\t\t<div class=\"elementor-widget-container\">\n\t\t\t\t\t\t\t\t\t<div class=\"level2\"><div><div><span style=\"color: #000000;\">Wenn du erst 14 oder 15 Jahre alt bist, aber total gern mitarbeiten m\u00f6chtest, hast du die M\u00f6glichkeit, im Rahmen des TTC (Teenie-Trainings-Camp) mitzuarbeiten. <\/span><\/div><div>\u00a0<\/div><\/div><div>\u00a0<\/div><div><span style=\"color: #000000;\">Im\u00a0TTC wollen wir den\u00a0<\/span><\/div><ul><li><span style=\"color: #000000;\">pers\u00f6nlichen Glauben st\u00e4rken und f\u00f6rdern, \u00a0<\/span><\/li><li><span style=\"color: #000000;\">heranf\u00fchren an verbindliche Mitarbeit und dabei\u00a0helfen, <\/span><\/li><li><span style=\"color: #000000;\">die eigene\u00a0Pers\u00f6nlichkeit und den\u00a0Charakter zu entwickeln. <\/span><\/li><\/ul><p><span style=\"color: #000000;\">Weitere\u00a0Informationen zu den Inhalten dieser 3 Schwerpunkte kann man <a style=\"color: #000000;\" href=\"https:\/\/inaktionwuensdorf.de\/solabb\/wp-content\/uploads\/sites\/2\/2014\/12\/Inhalte_TTC.pdf\">hier<\/a> lesen oder Fragen direkt an Katrin unter<span style=\"color: #ff0000;\">\u00a0<a href=\"mailto:katrin.volkmann@inaktionwuensdorf.de\">katrin.volkmann@inaktionwuensdorf.de<\/a><\/span>\u00a0stellen.<\/span><\/p><p><span style=\"color: #000000;\">Im TTC kannst Du in einige \u00a0Bereiche hinter den Kulissen hereinschnuppern und erste Erfahrungen in der Mitarbeit in den \u00a0drei Grund-Bereichen Springer, K\u00fcche oder Familie sammeln. Dabei werden Dich erfahrene Mitarbeiter begleiten und anleiten.\u00a0<\/span><\/p><\/div>\t\t\t\t\t\t\t\t<\/div>\n\t\t\t\t<\/div>\n\t\t\t\t\t<\/div>\n\t\t<\/div>\n\t\t\t\t\t<\/div>\n\t\t<\/section>\n\t\t\t\t<section class=\"elementor-section elementor-top-section elementor-element elementor-element-c4f4617 elementor-section-boxed elementor-section-height-default elementor-section-height-default\" data-id=\"c4f4617\" data-element_type=\"section\" data-e-type=\"section\">\n\t\t\t\t\t\t<div class=\"elementor-container elementor-column-gap-default\">\n\t\t\t\t\t<div class=\"elementor-column elementor-col-100 elementor-top-column elementor-element elementor-element-113becb\" data-id=\"113becb\" data-element_type=\"column\" data-e-type=\"column\">\n\t\t\t<div class=\"elementor-widget-wrap elementor-element-populated\">\n\t\t\t\t\t\t<div class=\"elementor-element elementor-element-a3c8aee elementor-align-justify elementor-widget elementor-widget-button\" data-id=\"a3c8aee\" data-element_type=\"widget\" data-e-type=\"widget\" data-widget_type=\"button.default\">\n\t\t\t\t<div class=\"elementor-widget-container\">\n\t\t\t\t\t\t\t\t\t<div class=\"elementor-button-wrapper\">\n\t\t\t\t\t<a class=\"elementor-button elementor-button-link elementor-size-sm\" href=\"#\">\n\t\t\t\t\t\t<span class=\"elementor-button-content-wrapper\">\n\t\t\t\t\t\t\t\t\t<span class=\"elementor-button-text\">Anmeldung TTC<\/span>\n\t\t\t\t\t<\/span>\n\t\t\t\t\t<\/a>\n\t\t\t\t<\/div>\n\t\t\t\t\t\t\t\t<\/div>\n\t\t\t\t<\/div>\n\t\t\t\t\t<\/div>\n\t\t<\/div>\n\t\t\t\t\t<\/div>\n\t\t<\/section>\n\t\t\t\t<\/div>\n\t\t","protected":false},"excerpt":{"rendered":"<p>Zur\u00fcck Weiter Wenn du erst 14 oder 15 Jahre alt bist, aber total gern mitarbeiten m\u00f6chtest, hast du die M\u00f6glichkeit, im Rahmen des TTC (Teenie-Trainings-Camp) mitzuarbeiten. \u00a0\u00a0Im\u00a0TTC wollen wir den\u00a0 pers\u00f6nlichen Glauben st\u00e4rken und f\u00f6rdern, \u00a0 heranf\u00fchren an verbindliche Mitarbeit und dabei\u00a0helfen, die eigene\u00a0Pers\u00f6nlichkeit und den\u00a0Charakter zu entwickeln. Weitere\u00a0Informationen zu den Inhalten dieser 3 Schwerpunkte [&hellip;]<\/p>\n","protected":false},"author":1,"featured_media":0,"parent":0,"menu_order":0,"comment_status":"closed","ping_status":"closed","template":"elementor_header_footer","meta":{"ngg_post_thumbnail":0,"footnotes":""},"class_list":["post-26","page","type-page","status-publish","hentry","entry"],"_links":{"self":[{"href":"https:\/\/inaktionwuensdorf.de\/solabb\/wp-json\/wp\/v2\/pages\/26","targetHints":{"allow":["GET"]}}],"collection":[{"href":"https:\/\/inaktionwuensdorf.de\/solabb\/wp-json\/wp\/v2\/pages"}],"about":[{"href":"https:\/\/inaktionwuensdorf.de\/solabb\/wp-json\/wp\/v2\/types\/page"}],"author":[{"embeddable":true,"href":"https:\/\/inaktionwuensdorf.de\/solabb\/wp-json\/wp\/v2\/users\/1"}],"replies":[{"embeddable":true,"href":"https:\/\/inaktionwuensdorf.de\/solabb\/wp-json\/wp\/v2\/comments?post=26"}],"version-history":[{"count":94,"href":"https:\/\/inaktionwuensdorf.de\/solabb\/wp-json\/wp\/v2\/pages\/26\/revisions"}],"predecessor-version":[{"id":10838,"href":"https:\/\/inaktionwuensdorf.de\/solabb\/wp-json\/wp\/v2\/pages\/26\/revisions\/10838"}],"wp:attachment":[{"href":"https:\/\/inaktionwuensdorf.de\/solabb\/wp-json\/wp\/v2\/media?parent=26"}],"curies":[{"name":"wp","href":"https:\/\/api.w.org\/{rel}","templated":true}]}}