{"id":11,"date":"2014-12-19T20:51:30","date_gmt":"2014-12-19T20:51:30","guid":{"rendered":"https:\/\/dev.tietzen.org\/?page_id=11"},"modified":"2021-02-27T20:56:06","modified_gmt":"2021-02-27T19:56:06","slug":"reisebedingungen","status":"publish","type":"page","link":"https:\/\/inaktionwuensdorf.de\/solabb\/reisebedingungen\/","title":{"rendered":"Reisebedingungen\/Erm\u00e4ssigung"},"content":{"rendered":"<p><strong>Teilnehmeralter:<\/strong>&nbsp;10 \u2013 13 Jahre (<strong>5.-8. Klasse nach den Sommerferien<\/strong>)<br \/>\n<strong>Ort:<\/strong> W\u00fcnsdorf (etwa 60 Autominuten s\u00fcdlich von Berlin)<\/p>\n<p>Bitte melden Sie Ihr Kind &nbsp;mit dem&nbsp;<span style=\"color: #ff0000;\"><strong><a style=\"color: #ff0000;\" href=\"https:\/\/inaktionwuensdorf.de\/solabb\/anmeldungformular\/\" target=\"_blank\" rel=\"noopener noreferrer\">Anmeldeformular<\/a><\/strong>&nbsp;<\/span>an. (Bei korrekter Eingabe&nbsp;erhalten Sie sofort eine Eingangsbest\u00e4tigung. Erscheint diese nicht, ist bei der Eingabe ein Fehler unterlaufen und das Onlineformular muss erneut ausgef\u00fcllt werden.) Bitte schicken Sie uns au\u00dferdem die&nbsp;<a href=\"https:\/\/inaktionwuensdorf.de\/solabb\/wp-content\/uploads\/sites\/2\/2021\/02\/Teenie-Mitarbeiter_Einverstaendniserklaerung.pdf\"><span style=\"color: #ff0000;\"><strong>Einverst\u00e4ndniserkl\u00e4rung<\/strong> <\/span><\/a>unterschrieben per Post zu. Erst dann erhalten Sie eine Buchungsbest\u00e4tigung per Email.<\/p>\n<p><strong>Zahlungsbedingungen<\/strong><strong>:<br \/>\n<\/strong>Gesamtbetrag: 110 EURO (Vollverpflegung)<br \/>\ndavon Anzahlung: 40 EURO (f\u00e4llig direkt mit&nbsp;Eingang der Buchungsbest\u00e4tigung)<br \/>\ndavon Restzahlung: 70 EURO (f\u00e4llig bis sp\u00e4testens vier Wochen vor Reisebeginn)<\/p>\n<p>Bei Familien mit mehreren Kindern wird eine Erm\u00e4\u00dfigung gew\u00e4hrt. Das zweite Kind zahlt 85 Euro und ab dem dritten Kind betr\u00e4gt der Teilnehmerbetrag 60 Euro. Fahrkosten zum Veranstaltungsort sind nicht enthalten. Die Anfahrt und Abreise ist selbst zu organisieren.<\/p>\n<p><strong>Bankverbindung:<br \/>\n<\/strong>InAktion W\u00fcnsdorf e.V.<br \/>\nIBAN:DE42160500003640000071<br \/>\nBIC:WELADED1PMB<br \/>\nMittelbrandenburgische Sparkasse<br \/>\nVerwendungszweck: SOLA-Camp,&nbsp;<em>Vorname Name des Teilnehmers<\/em><\/p>\n<p><strong>R\u00fccktritt\/Stornierung:<\/strong> &nbsp;Die Anzahlung wird bei sp\u00e4terer Stornierung nicht zur\u00fcckerstattet. Bei einer Stornierung ab 4 Wochen vor SOLA-Beginn f\u00e4llt der Komplettbetrag an.<\/p>\n<p>Wir behalten uns vor, kurzfristig im Falle pandemischer Entwicklungen \/ Ereignisse \u00c4nderungen im SOLA-Ablauf und \u2013Bedingungen vorzunehmen.&nbsp;Informationen erfolgen auf die angegebene Mailadresse.&nbsp;Sollte das SOLA nicht stattfinden k\u00f6nnen, wird jegliche Zahlung zur\u00fcck erstattet.<\/p>\n<p>Etwa 4-6&nbsp;Wochen vor Beginn des Lagers bekommen Sie per Email alle n\u00f6tigen Informationen. Bei Fragen k\u00f6nnen Sie selbstverst\u00e4ndlich mit uns Kontakt aufnehmen.<\/p>\n<p><strong>Anmeldung und Informationen:<\/strong>&nbsp;Sabine Hofsommer &nbsp;per e-Mail&nbsp;<a href=\"mailto:sola-anmeldung@inaktionwuensdorf.de\">sola-anmeldung@inaktionwuensdorf.de<\/a><\/p>\n","protected":false},"excerpt":{"rendered":"<p>Teilnehmeralter:&nbsp;10 \u2013 13 Jahre (5.-8. Klasse nach den Sommerferien) Ort: W\u00fcnsdorf (etwa 60 Autominuten s\u00fcdlich von Berlin) Bitte melden Sie Ihr Kind &nbsp;mit dem&nbsp;Anmeldeformular&nbsp;an. (Bei korrekter Eingabe&nbsp;erhalten Sie sofort eine Eingangsbest\u00e4tigung. Erscheint diese nicht, ist bei der Eingabe ein Fehler unterlaufen und das Onlineformular muss erneut ausgef\u00fcllt werden.) Bitte schicken Sie uns au\u00dferdem die&nbsp;Einverst\u00e4ndniserkl\u00e4rung unterschrieben [&hellip;]<\/p>\n","protected":false},"author":1,"featured_media":0,"parent":0,"menu_order":0,"comment_status":"closed","ping_status":"closed","template":"","meta":{"ngg_post_thumbnail":0,"footnotes":""},"class_list":["post-11","page","type-page","status-publish","hentry","entry"],"_links":{"self":[{"href":"https:\/\/inaktionwuensdorf.de\/solabb\/wp-json\/wp\/v2\/pages\/11","targetHints":{"allow":["GET"]}}],"collection":[{"href":"https:\/\/inaktionwuensdorf.de\/solabb\/wp-json\/wp\/v2\/pages"}],"about":[{"href":"https:\/\/inaktionwuensdorf.de\/solabb\/wp-json\/wp\/v2\/types\/page"}],"author":[{"embeddable":true,"href":"https:\/\/inaktionwuensdorf.de\/solabb\/wp-json\/wp\/v2\/users\/1"}],"replies":[{"embeddable":true,"href":"https:\/\/inaktionwuensdorf.de\/solabb\/wp-json\/wp\/v2\/comments?post=11"}],"version-history":[{"count":69,"href":"https:\/\/inaktionwuensdorf.de\/solabb\/wp-json\/wp\/v2\/pages\/11\/revisions"}],"predecessor-version":[{"id":10203,"href":"https:\/\/inaktionwuensdorf.de\/solabb\/wp-json\/wp\/v2\/pages\/11\/revisions\/10203"}],"wp:attachment":[{"href":"https:\/\/inaktionwuensdorf.de\/solabb\/wp-json\/wp\/v2\/media?parent=11"}],"curies":[{"name":"wp","href":"https:\/\/api.w.org\/{rel}","templated":true}]}}