{"id":1871,"date":"2022-12-28T11:56:08","date_gmt":"2022-12-28T10:56:08","guid":{"rendered":"https:\/\/inaktionwuensdorf.de\/move-camp\/startseite-2\/"},"modified":"2025-12-09T10:53:52","modified_gmt":"2025-12-09T09:53:52","slug":"startseite-2","status":"publish","type":"page","link":"https:\/\/inaktionwuensdorf.de\/move-camp\/","title":{"rendered":"Startseite Move"},"content":{"rendered":"\t\t<div data-elementor-type=\"wp-page\" data-elementor-id=\"1871\" class=\"elementor elementor-1871\">\n\t\t\t\t\t\t<section class=\"elementor-section elementor-top-section elementor-element elementor-element-2a189d2 elementor-hidden-mobile elementor-section-boxed elementor-section-height-default elementor-section-height-default\" data-id=\"2a189d2\" data-element_type=\"section\" data-e-type=\"section\" data-settings=\"{&quot;background_background&quot;:&quot;video&quot;,&quot;background_video_link&quot;:&quot;https:\\\/\\\/inaktionwuensdorf.de\\\/move-camp\\\/wp-content\\\/uploads\\\/sites\\\/3\\\/2023\\\/01\\\/Move-Website-Clip.mp4&quot;}\">\n\t\t\t\t\t\t\t\t<div class=\"elementor-background-video-container elementor-hidden-mobile\">\n\t\t\t\t\t\t\t\t\t\t\t\t\t<video class=\"elementor-background-video-hosted\" role=\"presentation\" autoplay muted playsinline loop><\/video>\n\t\t\t\t\t\t\t\t\t\t\t<\/div>\n\t\t\t\t\t\t\t\t<div class=\"elementor-container elementor-column-gap-default\">\n\t\t\t\t\t<div class=\"elementor-column elementor-col-100 elementor-top-column elementor-element elementor-element-03c72c9\" data-id=\"03c72c9\" data-element_type=\"column\" data-e-type=\"column\">\n\t\t\t<div class=\"elementor-widget-wrap elementor-element-populated\">\n\t\t\t\t\t\t<div class=\"elementor-element elementor-element-98b6830 elementor-widget elementor-widget-spacer\" data-id=\"98b6830\" data-element_type=\"widget\" data-e-type=\"widget\" data-widget_type=\"spacer.default\">\n\t\t\t\t<div class=\"elementor-widget-container\">\n\t\t\t\t\t\t\t<div class=\"elementor-spacer\">\n\t\t\t<div class=\"elementor-spacer-inner\"><\/div>\n\t\t<\/div>\n\t\t\t\t\t\t<\/div>\n\t\t\t\t<\/div>\n\t\t\t\t<div class=\"elementor-element elementor-element-02a9092 elementor-widget elementor-widget-image\" data-id=\"02a9092\" data-element_type=\"widget\" data-e-type=\"widget\" data-widget_type=\"image.default\">\n\t\t\t\t<div class=\"elementor-widget-container\">\n\t\t\t\t\t\t\t\t\t\t\t\t\t\t\t<img fetchpriority=\"high\" decoding=\"async\" width=\"1024\" height=\"298\" src=\"https:\/\/inaktionwuensdorf.de\/move-camp\/wp-content\/uploads\/sites\/3\/2023\/01\/MOVE-Header-2-1024x298.png\" class=\"attachment-large size-large wp-image-2198\" alt=\"\" srcset=\"https:\/\/inaktionwuensdorf.de\/move-camp\/wp-content\/uploads\/sites\/3\/2023\/01\/MOVE-Header-2-1024x298.png 1024w, https:\/\/inaktionwuensdorf.de\/move-camp\/wp-content\/uploads\/sites\/3\/2023\/01\/MOVE-Header-2-300x87.png 300w, https:\/\/inaktionwuensdorf.de\/move-camp\/wp-content\/uploads\/sites\/3\/2023\/01\/MOVE-Header-2-768x224.png 768w, https:\/\/inaktionwuensdorf.de\/move-camp\/wp-content\/uploads\/sites\/3\/2023\/01\/MOVE-Header-2-1536x447.png 1536w, https:\/\/inaktionwuensdorf.de\/move-camp\/wp-content\/uploads\/sites\/3\/2023\/01\/MOVE-Header-2.png 1920w\" sizes=\"(max-width: 1024px) 100vw, 1024px\" \/>\t\t\t\t\t\t\t\t\t\t\t\t\t\t\t<\/div>\n\t\t\t\t<\/div>\n\t\t\t\t<div class=\"elementor-element elementor-element-029e543 elementor-widget elementor-widget-spacer\" data-id=\"029e543\" data-element_type=\"widget\" data-e-type=\"widget\" data-widget_type=\"spacer.default\">\n\t\t\t\t<div class=\"elementor-widget-container\">\n\t\t\t\t\t\t\t<div class=\"elementor-spacer\">\n\t\t\t<div class=\"elementor-spacer-inner\"><\/div>\n\t\t<\/div>\n\t\t\t\t\t\t<\/div>\n\t\t\t\t<\/div>\n\t\t\t\t\t<\/div>\n\t\t<\/div>\n\t\t\t\t\t<\/div>\n\t\t<\/section>\n\t\t\t\t<section class=\"elementor-section elementor-top-section elementor-element elementor-element-502b46d elementor-section-boxed elementor-section-height-default elementor-section-height-default\" data-id=\"502b46d\" data-element_type=\"section\" data-e-type=\"section\">\n\t\t\t\t\t\t<div class=\"elementor-container elementor-column-gap-default\">\n\t\t\t\t\t<div class=\"elementor-column elementor-col-100 elementor-top-column elementor-element elementor-element-be0703e\" data-id=\"be0703e\" data-element_type=\"column\" data-e-type=\"column\">\n\t\t\t<div class=\"elementor-widget-wrap elementor-element-populated\">\n\t\t\t\t\t\t<div class=\"elementor-element elementor-element-efc99c9 elementor-hidden-desktop elementor-hidden-tablet elementor-widget elementor-widget-image\" data-id=\"efc99c9\" data-element_type=\"widget\" data-e-type=\"widget\" data-widget_type=\"image.default\">\n\t\t\t\t<div class=\"elementor-widget-container\">\n\t\t\t\t\t\t\t\t\t\t\t\t\t\t\t<img decoding=\"async\" width=\"576\" height=\"1024\" src=\"https:\/\/inaktionwuensdorf.de\/move-camp\/wp-content\/uploads\/sites\/3\/2025\/02\/MOVEhochkant-576x1024.jpg\" class=\"attachment-large size-large wp-image-3635\" alt=\"\" srcset=\"https:\/\/inaktionwuensdorf.de\/move-camp\/wp-content\/uploads\/sites\/3\/2025\/02\/MOVEhochkant-576x1024.jpg 576w, https:\/\/inaktionwuensdorf.de\/move-camp\/wp-content\/uploads\/sites\/3\/2025\/02\/MOVEhochkant-169x300.jpg 169w, https:\/\/inaktionwuensdorf.de\/move-camp\/wp-content\/uploads\/sites\/3\/2025\/02\/MOVEhochkant-768x1365.jpg 768w, https:\/\/inaktionwuensdorf.de\/move-camp\/wp-content\/uploads\/sites\/3\/2025\/02\/MOVEhochkant-864x1536.jpg 864w, https:\/\/inaktionwuensdorf.de\/move-camp\/wp-content\/uploads\/sites\/3\/2025\/02\/MOVEhochkant.jpg 1080w\" sizes=\"(max-width: 576px) 100vw, 576px\" \/>\t\t\t\t\t\t\t\t\t\t\t\t\t\t\t<\/div>\n\t\t\t\t<\/div>\n\t\t\t\t\t<\/div>\n\t\t<\/div>\n\t\t\t\t\t<\/div>\n\t\t<\/section>\n\t\t\t\t<section class=\"elementor-section elementor-top-section elementor-element elementor-element-e535b51 elementor-section-boxed elementor-section-height-default elementor-section-height-default\" data-id=\"e535b51\" data-element_type=\"section\" data-e-type=\"section\">\n\t\t\t\t\t\t<div class=\"elementor-container elementor-column-gap-default\">\n\t\t\t\t\t<div class=\"elementor-column elementor-col-100 elementor-top-column elementor-element elementor-element-0b85b8f\" data-id=\"0b85b8f\" data-element_type=\"column\" data-e-type=\"column\">\n\t\t\t<div class=\"elementor-widget-wrap elementor-element-populated\">\n\t\t\t\t\t\t<div class=\"elementor-element elementor-element-5d9e870 elementor-widget elementor-widget-spacer\" data-id=\"5d9e870\" data-element_type=\"widget\" data-e-type=\"widget\" data-widget_type=\"spacer.default\">\n\t\t\t\t<div class=\"elementor-widget-container\">\n\t\t\t\t\t\t\t<div class=\"elementor-spacer\">\n\t\t\t<div class=\"elementor-spacer-inner\"><\/div>\n\t\t<\/div>\n\t\t\t\t\t\t<\/div>\n\t\t\t\t<\/div>\n\t\t\t\t<div class=\"elementor-element elementor-element-dadee95 elementor-widget elementor-widget-heading\" data-id=\"dadee95\" data-element_type=\"widget\" data-e-type=\"widget\" data-widget_type=\"heading.default\">\n\t\t\t\t<div class=\"elementor-widget-container\">\n\t\t\t\t\t<h1 class=\"elementor-heading-title elementor-size-default\"><span><span>Dein MOVE Camp 2026<\/span><\/span><\/h1>\t\t\t\t<\/div>\n\t\t\t\t<\/div>\n\t\t\t\t\t<\/div>\n\t\t<\/div>\n\t\t\t\t\t<\/div>\n\t\t<\/section>\n\t\t\t\t<section class=\"elementor-section elementor-top-section elementor-element elementor-element-f410ba7 elementor-section-boxed elementor-section-height-default elementor-section-height-default\" data-id=\"f410ba7\" data-element_type=\"section\" data-e-type=\"section\">\n\t\t\t\t\t\t<div class=\"elementor-container elementor-column-gap-default\">\n\t\t\t\t\t<div class=\"elementor-column elementor-col-25 elementor-top-column elementor-element elementor-element-5c304b1\" data-id=\"5c304b1\" data-element_type=\"column\" data-e-type=\"column\">\n\t\t\t<div class=\"elementor-widget-wrap elementor-element-populated\">\n\t\t\t\t\t\t<div class=\"elementor-element elementor-element-dff8e48 elementor-widget elementor-widget-image\" data-id=\"dff8e48\" data-element_type=\"widget\" data-e-type=\"widget\" data-widget_type=\"image.default\">\n\t\t\t\t<div class=\"elementor-widget-container\">\n\t\t\t\t\t\t\t\t\t\t\t\t\t\t\t<img decoding=\"async\" src=\"https:\/\/inaktionwuensdorf.de\/move-camp\/wp-content\/uploads\/sites\/3\/elementor\/thumbs\/kalender-q0t4ylwcb6o6t9m599983so3gqk2rvx7q7ie4ng548.png\" title=\"kalender\" alt=\"kalender\" loading=\"lazy\" \/>\t\t\t\t\t\t\t\t\t\t\t\t\t\t\t<\/div>\n\t\t\t\t<\/div>\n\t\t\t\t<div class=\"elementor-element elementor-element-d6c28ad elementor-widget elementor-widget-heading\" data-id=\"d6c28ad\" data-element_type=\"widget\" data-e-type=\"widget\" data-widget_type=\"heading.default\">\n\t\t\t\t<div class=\"elementor-widget-container\">\n\t\t\t\t\t<h2 class=\"elementor-heading-title elementor-size-default\"><div><font><span>Datum<\/span><\/font><span><\/span><\/div><\/h2>\t\t\t\t<\/div>\n\t\t\t\t<\/div>\n\t\t\t\t<div class=\"elementor-element elementor-element-7d0c6d1 elementor-widget elementor-widget-text-editor\" data-id=\"7d0c6d1\" data-element_type=\"widget\" data-e-type=\"widget\" data-widget_type=\"text-editor.default\">\n\t\t\t\t<div class=\"elementor-widget-container\">\n\t\t\t\t\t\t\t\t\t<p style=\"text-align: center\"><span style=\"color: #ffffff\"><span style=\"font-size: 20px\">&nbsp;16<\/span><\/span><span style=\"font-size: 14px;color: #ffffff\"><span style=\"font-size: 20px\">.8. &#8211; 21.8.2026<\/span><\/span><\/p>\t\t\t\t\t\t\t\t<\/div>\n\t\t\t\t<\/div>\n\t\t\t\t\t<\/div>\n\t\t<\/div>\n\t\t\t\t<div class=\"elementor-column elementor-col-25 elementor-top-column elementor-element elementor-element-72d9200\" data-id=\"72d9200\" data-element_type=\"column\" data-e-type=\"column\">\n\t\t\t<div class=\"elementor-widget-wrap elementor-element-populated\">\n\t\t\t\t\t\t<div class=\"elementor-element elementor-element-1dd6065 elementor-widget elementor-widget-image\" data-id=\"1dd6065\" data-element_type=\"widget\" data-e-type=\"widget\" data-widget_type=\"image.default\">\n\t\t\t\t<div class=\"elementor-widget-container\">\n\t\t\t\t\t\t\t\t\t\t\t\t\t\t\t<img decoding=\"async\" src=\"https:\/\/inaktionwuensdorf.de\/move-camp\/wp-content\/uploads\/sites\/3\/elementor\/thumbs\/Teilnehmer-e1673984716784-q0t5laq3w54an42dszfdl21u0blr9sm85nz08bs5ew.png\" title=\"Teilnehmer\" alt=\"Teilnehmer\" loading=\"lazy\" \/>\t\t\t\t\t\t\t\t\t\t\t\t\t\t\t<\/div>\n\t\t\t\t<\/div>\n\t\t\t\t<div class=\"elementor-element elementor-element-c2c0218 elementor-widget elementor-widget-heading\" data-id=\"c2c0218\" data-element_type=\"widget\" data-e-type=\"widget\" data-widget_type=\"heading.default\">\n\t\t\t\t<div class=\"elementor-widget-container\">\n\t\t\t\t\t<h2 class=\"elementor-heading-title elementor-size-default\"><div><font><span>Teilnehmer<\/span><\/font><span><\/span><\/div><\/h2>\t\t\t\t<\/div>\n\t\t\t\t<\/div>\n\t\t\t\t<div class=\"elementor-element elementor-element-61ae71a elementor-widget elementor-widget-text-editor\" data-id=\"61ae71a\" data-element_type=\"widget\" data-e-type=\"widget\" data-widget_type=\"text-editor.default\">\n\t\t\t\t<div class=\"elementor-widget-container\">\n\t\t\t\t\t\t\t\t\t<p style=\"text-align: center\"><span style=\"color: #ffffff;font-family: Roboto, sans-serif;font-size: 20px;font-style: normal;text-align: center\">Jugendliche im Alter<\/span><\/p><p style=\"text-align: center\"><span style=\"color: #ffffff;font-family: Roboto, sans-serif;font-size: 20px;font-style: normal\">von 14-18 Jahren<\/span><\/p>\t\t\t\t\t\t\t\t<\/div>\n\t\t\t\t<\/div>\n\t\t\t\t\t<\/div>\n\t\t<\/div>\n\t\t\t\t<div class=\"elementor-column elementor-col-25 elementor-top-column elementor-element elementor-element-9b51bfd\" data-id=\"9b51bfd\" data-element_type=\"column\" data-e-type=\"column\">\n\t\t\t<div class=\"elementor-widget-wrap elementor-element-populated\">\n\t\t\t\t\t\t<div class=\"elementor-element elementor-element-311f620 elementor-widget elementor-widget-image\" data-id=\"311f620\" data-element_type=\"widget\" data-e-type=\"widget\" data-widget_type=\"image.default\">\n\t\t\t\t<div class=\"elementor-widget-container\">\n\t\t\t\t\t\t\t\t\t\t\t\t\t\t\t<img decoding=\"async\" src=\"https:\/\/inaktionwuensdorf.de\/move-camp\/wp-content\/uploads\/sites\/3\/elementor\/thumbs\/Geld-q0u3vxqgs38wgaomdnw3oi03ma83pg1rwk8v6h64iw.png\" title=\"Geld\" alt=\"Geld\" loading=\"lazy\" \/>\t\t\t\t\t\t\t\t\t\t\t\t\t\t\t<\/div>\n\t\t\t\t<\/div>\n\t\t\t\t<div class=\"elementor-element elementor-element-f7b41a3 elementor-widget elementor-widget-heading\" data-id=\"f7b41a3\" data-element_type=\"widget\" data-e-type=\"widget\" data-widget_type=\"heading.default\">\n\t\t\t\t<div class=\"elementor-widget-container\">\n\t\t\t\t\t<h2 class=\"elementor-heading-title elementor-size-default\"><div><font><span>Preis<\/span><\/font><span><\/span><\/div><\/h2>\t\t\t\t<\/div>\n\t\t\t\t<\/div>\n\t\t\t\t<div class=\"elementor-element elementor-element-880a332 elementor-widget elementor-widget-text-editor\" data-id=\"880a332\" data-element_type=\"widget\" data-e-type=\"widget\" data-widget_type=\"text-editor.default\">\n\t\t\t\t<div class=\"elementor-widget-container\">\n\t\t\t\t\t\t\t\t\t<p style=\"text-align: center\"><span style=\"color: #ffffff\"><span style=\"font-size: 20px\">130 EUR (Vollverpflegung)<\/span><\/span><\/p>\n<p style=\"text-align: center\"><span style=\"color: #ffffff\"><span style=\"font-size: 20px\">100 EUR (Familien-Rabatt ab 2.Kind und f\u00fcr SOLA-MA)<\/span><\/span><\/p>\t\t\t\t\t\t\t\t<\/div>\n\t\t\t\t<\/div>\n\t\t\t\t\t<\/div>\n\t\t<\/div>\n\t\t\t\t<div class=\"elementor-column elementor-col-25 elementor-top-column elementor-element elementor-element-f4dfd72\" data-id=\"f4dfd72\" data-element_type=\"column\" data-e-type=\"column\">\n\t\t\t<div class=\"elementor-widget-wrap elementor-element-populated\">\n\t\t\t\t\t\t<div class=\"elementor-element elementor-element-6826108 elementor-widget elementor-widget-image\" data-id=\"6826108\" data-element_type=\"widget\" data-e-type=\"widget\" data-widget_type=\"image.default\">\n\t\t\t\t<div class=\"elementor-widget-container\">\n\t\t\t\t\t\t\t\t\t\t\t\t\t\t\t<img decoding=\"async\" src=\"https:\/\/inaktionwuensdorf.de\/move-camp\/wp-content\/uploads\/sites\/3\/elementor\/thumbs\/ort-1-q0u480xqodsnrr4gse0d8y6inon1pb1hweaodl8ui0.png\" title=\"ort\" alt=\"ort\" loading=\"lazy\" \/>\t\t\t\t\t\t\t\t\t\t\t\t\t\t\t<\/div>\n\t\t\t\t<\/div>\n\t\t\t\t<div class=\"elementor-element elementor-element-a1fe971 elementor-widget elementor-widget-heading\" data-id=\"a1fe971\" data-element_type=\"widget\" data-e-type=\"widget\" data-widget_type=\"heading.default\">\n\t\t\t\t<div class=\"elementor-widget-container\">\n\t\t\t\t\t<h2 class=\"elementor-heading-title elementor-size-default\"><div><font><span>Ort<\/span><\/font><span><\/span><\/div><\/h2>\t\t\t\t<\/div>\n\t\t\t\t<\/div>\n\t\t\t\t<div class=\"elementor-element elementor-element-f3b6256 elementor-widget elementor-widget-text-editor\" data-id=\"f3b6256\" data-element_type=\"widget\" data-e-type=\"widget\" data-widget_type=\"text-editor.default\">\n\t\t\t\t<div class=\"elementor-widget-container\">\n\t\t\t\t\t\t\t\t\t<p style=\"text-align: center\"><span style=\"color: #ffffff\"><span style=\"font-size: 20px\">W\u00fcnsdorf\u00a0<\/span><\/span><\/p><p style=\"text-align: center\"><span style=\"font-size: 20px\">(ca. 60 Autominuten von Berlin entfernt)Unterbringung in Zelten.<\/span><\/p>\t\t\t\t\t\t\t\t<\/div>\n\t\t\t\t<\/div>\n\t\t\t\t\t<\/div>\n\t\t<\/div>\n\t\t\t\t\t<\/div>\n\t\t<\/section>\n\t\t\t\t<section class=\"elementor-section elementor-top-section elementor-element elementor-element-b87f893 elementor-section-boxed elementor-section-height-default elementor-section-height-default\" data-id=\"b87f893\" data-element_type=\"section\" data-e-type=\"section\">\n\t\t\t\t\t\t<div class=\"elementor-container elementor-column-gap-default\">\n\t\t\t\t\t<div class=\"elementor-column elementor-col-100 elementor-top-column elementor-element elementor-element-97494d3\" data-id=\"97494d3\" data-element_type=\"column\" data-e-type=\"column\">\n\t\t\t<div class=\"elementor-widget-wrap elementor-element-populated\">\n\t\t\t\t\t\t<div class=\"elementor-element elementor-element-16cedb5 elementor-widget elementor-widget-text-editor\" data-id=\"16cedb5\" data-element_type=\"widget\" data-e-type=\"widget\" data-widget_type=\"text-editor.default\">\n\t\t\t\t<div class=\"elementor-widget-container\">\n\t\t\t\t\t\t\t\t\t<p>Lass dich auf ein Abenteuer mit Gott ein und komme mit aufs Move Camp. Vertiefe deinen Glauben durch lebendige Gottesdienste, ehrliche Gemeinschaft, kreativen und sportlichen Workshops und ganz viel Spa\u00df.&nbsp;<br><\/p>\t\t\t\t\t\t\t\t<\/div>\n\t\t\t\t<\/div>\n\t\t\t\t\t<\/div>\n\t\t<\/div>\n\t\t\t\t\t<\/div>\n\t\t<\/section>\n\t\t\t\t<section class=\"elementor-section elementor-top-section elementor-element elementor-element-6f0ecf8 elementor-section-boxed elementor-section-height-default elementor-section-height-default\" data-id=\"6f0ecf8\" data-element_type=\"section\" data-e-type=\"section\">\n\t\t\t\t\t\t<div class=\"elementor-container elementor-column-gap-default\">\n\t\t\t\t\t<div class=\"elementor-column elementor-col-100 elementor-top-column elementor-element elementor-element-c7178ca\" data-id=\"c7178ca\" data-element_type=\"column\" data-e-type=\"column\">\n\t\t\t<div class=\"elementor-widget-wrap elementor-element-populated\">\n\t\t\t\t\t\t<div class=\"elementor-element elementor-element-13db7531 elementor-align-center elementor-widget__width-inherit elementor-widget elementor-widget-button\" data-id=\"13db7531\" data-element_type=\"widget\" data-e-type=\"widget\" data-widget_type=\"button.default\">\n\t\t\t\t<div class=\"elementor-widget-container\">\n\t\t\t\t\t\t\t\t\t<div class=\"elementor-button-wrapper\">\n\t\t\t\t\t<a class=\"elementor-button elementor-button-link elementor-size-lg\" href=\"https:\/\/inaktionwuensdorf.de\/move-camp\/anmeldung\/\">\n\t\t\t\t\t\t<span class=\"elementor-button-content-wrapper\">\n\t\t\t\t\t\t\t\t\t<span class=\"elementor-button-text\">Hier geht es zur Anmeldung<\/span>\n\t\t\t\t\t<\/span>\n\t\t\t\t\t<\/a>\n\t\t\t\t<\/div>\n\t\t\t\t\t\t\t\t<\/div>\n\t\t\t\t<\/div>\n\t\t\t\t<div class=\"elementor-element elementor-element-f1446d7 elementor-widget elementor-widget-spacer\" data-id=\"f1446d7\" data-element_type=\"widget\" data-e-type=\"widget\" data-widget_type=\"spacer.default\">\n\t\t\t\t<div class=\"elementor-widget-container\">\n\t\t\t\t\t\t\t<div class=\"elementor-spacer\">\n\t\t\t<div class=\"elementor-spacer-inner\"><\/div>\n\t\t<\/div>\n\t\t\t\t\t\t<\/div>\n\t\t\t\t<\/div>\n\t\t\t\t\t<\/div>\n\t\t<\/div>\n\t\t\t\t\t<\/div>\n\t\t<\/section>\n\t\t\t\t<section class=\"elementor-section elementor-top-section elementor-element elementor-element-b3d0d2d elementor-section-boxed elementor-section-height-default elementor-section-height-default\" data-id=\"b3d0d2d\" data-element_type=\"section\" data-e-type=\"section\">\n\t\t\t\t\t\t<div class=\"elementor-container elementor-column-gap-default\">\n\t\t\t\t\t<div class=\"elementor-column elementor-col-16 elementor-top-column elementor-element elementor-element-970d046\" data-id=\"970d046\" data-element_type=\"column\" data-e-type=\"column\">\n\t\t\t<div class=\"elementor-widget-wrap\">\n\t\t\t\t\t\t\t<\/div>\n\t\t<\/div>\n\t\t\t\t<div class=\"elementor-column elementor-col-66 elementor-top-column elementor-element elementor-element-6935404\" data-id=\"6935404\" data-element_type=\"column\" data-e-type=\"column\">\n\t\t\t<div class=\"elementor-widget-wrap elementor-element-populated\">\n\t\t\t\t\t\t<div class=\"elementor-element elementor-element-ee802c6 elementor-widget elementor-widget-spacer\" data-id=\"ee802c6\" data-element_type=\"widget\" data-e-type=\"widget\" data-widget_type=\"spacer.default\">\n\t\t\t\t<div class=\"elementor-widget-container\">\n\t\t\t\t\t\t\t<div class=\"elementor-spacer\">\n\t\t\t<div class=\"elementor-spacer-inner\"><\/div>\n\t\t<\/div>\n\t\t\t\t\t\t<\/div>\n\t\t\t\t<\/div>\n\t\t\t\t<div class=\"elementor-element elementor-element-9a0a96e elementor-widget elementor-widget-text-editor\" data-id=\"9a0a96e\" data-element_type=\"widget\" data-e-type=\"widget\" data-widget_type=\"text-editor.default\">\n\t\t\t\t<div class=\"elementor-widget-container\">\n\t\t\t\t\t\t\t\t\t<p>Wir behalten uns vor, kurzfristig im Falle pandemischer Entwicklungen \u00c4nderungen vorzunehmen. Informationen hierzu erfolgen per E-Mail. Sollte das MOVE nicht stattfinden k\u00f6nnen, wird jegliche Zahlung zur\u00fcckerstattet.<\/p>\t\t\t\t\t\t\t\t<\/div>\n\t\t\t\t<\/div>\n\t\t\t\t<div class=\"elementor-element elementor-element-44f2dce elementor-widget elementor-widget-spacer\" data-id=\"44f2dce\" data-element_type=\"widget\" data-e-type=\"widget\" data-widget_type=\"spacer.default\">\n\t\t\t\t<div class=\"elementor-widget-container\">\n\t\t\t\t\t\t\t<div class=\"elementor-spacer\">\n\t\t\t<div class=\"elementor-spacer-inner\"><\/div>\n\t\t<\/div>\n\t\t\t\t\t\t<\/div>\n\t\t\t\t<\/div>\n\t\t\t\t\t<\/div>\n\t\t<\/div>\n\t\t\t\t<div class=\"elementor-column elementor-col-16 elementor-top-column elementor-element elementor-element-5fb5863\" data-id=\"5fb5863\" data-element_type=\"column\" data-e-type=\"column\">\n\t\t\t<div class=\"elementor-widget-wrap\">\n\t\t\t\t\t\t\t<\/div>\n\t\t<\/div>\n\t\t\t\t\t<\/div>\n\t\t<\/section>\n\t\t\t\t<section class=\"elementor-section elementor-top-section elementor-element elementor-element-52c22f74 elementor-section-full_width elementor-section-height-default elementor-section-height-default\" data-id=\"52c22f74\" data-element_type=\"section\" data-e-type=\"section\" data-settings=\"{&quot;background_background&quot;:&quot;classic&quot;}\">\n\t\t\t\t\t\t\t<div class=\"elementor-background-overlay\"><\/div>\n\t\t\t\t\t\t\t<div class=\"elementor-container elementor-column-gap-default\">\n\t\t\t\t\t<div class=\"elementor-column elementor-col-33 elementor-top-column elementor-element elementor-element-5c224bf2\" data-id=\"5c224bf2\" data-element_type=\"column\" data-e-type=\"column\">\n\t\t\t<div class=\"elementor-widget-wrap elementor-element-populated\">\n\t\t\t\t\t\t<div class=\"elementor-element elementor-element-5b5f8104 elementor-widget elementor-widget-image\" data-id=\"5b5f8104\" data-element_type=\"widget\" data-e-type=\"widget\" data-widget_type=\"image.default\">\n\t\t\t\t<div class=\"elementor-widget-container\">\n\t\t\t\t\t\t\t\t\t\t\t\t\t\t\t<img decoding=\"async\" width=\"200\" height=\"113\" src=\"https:\/\/inaktionwuensdorf.de\/move-camp\/wp-content\/uploads\/sites\/3\/2022\/12\/inaktion-1.png\" class=\"attachment-medium size-medium wp-image-1828\" alt=\"\" \/>\t\t\t\t\t\t\t\t\t\t\t\t\t\t\t<\/div>\n\t\t\t\t<\/div>\n\t\t\t\t\t<\/div>\n\t\t<\/div>\n\t\t\t\t<div class=\"elementor-column elementor-col-33 elementor-top-column elementor-element elementor-element-67f3d516\" data-id=\"67f3d516\" data-element_type=\"column\" data-e-type=\"column\">\n\t\t\t<div class=\"elementor-widget-wrap elementor-element-populated\">\n\t\t\t\t\t\t<div class=\"elementor-element elementor-element-75ad4f2f elementor-widget elementor-widget-text-editor\" data-id=\"75ad4f2f\" data-element_type=\"widget\" data-e-type=\"widget\" data-widget_type=\"text-editor.default\">\n\t\t\t\t<div class=\"elementor-widget-container\">\n\t\t\t\t\t\t\t\t\t<h2><span style=\"color: #ffffff\">Bankverbindung<\/span><\/h2><p>InAktion W\u00fcnsdorf e.V.<br \/>IBAN:DE42160500003640000071<\/p><p>Wir freuen uns auch \u00fcber Spenden!<\/p>\t\t\t\t\t\t\t\t<\/div>\n\t\t\t\t<\/div>\n\t\t\t\t\t<\/div>\n\t\t<\/div>\n\t\t\t\t<div class=\"elementor-column elementor-col-33 elementor-top-column elementor-element elementor-element-49bd710a\" data-id=\"49bd710a\" data-element_type=\"column\" data-e-type=\"column\">\n\t\t\t<div class=\"elementor-widget-wrap elementor-element-populated\">\n\t\t\t\t\t\t<div class=\"elementor-element elementor-element-165baa1f elementor-widget elementor-widget-text-editor\" data-id=\"165baa1f\" data-element_type=\"widget\" data-e-type=\"widget\" data-widget_type=\"text-editor.default\">\n\t\t\t\t<div class=\"elementor-widget-container\">\n\t\t\t\t\t\t\t\t\t<h2><span style=\"color: #ffffff\"><strong>Kontakt<\/strong><\/span><\/h2><p>Ansprechpartner Anmeldung und Vereinsb\u00fcro: Katrin Volkmann<\/p><p>E-Mail: <a href=\"mailto:info@inaktionwuensdorf.de\">info@inaktionwuensdorf.de<\/a><br \/>Telefon: 0176-30129217<\/p>\t\t\t\t\t\t\t\t<\/div>\n\t\t\t\t<\/div>\n\t\t\t\t\t<\/div>\n\t\t<\/div>\n\t\t\t\t\t<\/div>\n\t\t<\/section>\n\t\t\t\t<\/div>\n\t\t","protected":false},"excerpt":{"rendered":"<p>Dein MOVE Camp 2026 Datum &nbsp;16.8. &#8211; 21.8.2026 Teilnehmer Jugendliche im Alter von 14-18 Jahren Preis 130 EUR (Vollverpflegung) 100 EUR (Familien-Rabatt ab 2.Kind und f\u00fcr SOLA-MA) Ort W\u00fcnsdorf\u00a0 (ca. 60 Autominuten von Berlin entfernt)Unterbringung in Zelten. Lass dich auf ein Abenteuer mit Gott ein und komme mit aufs Move Camp. Vertiefe deinen Glauben durch [&hellip;]<\/p>\n","protected":false},"author":1,"featured_media":0,"parent":0,"menu_order":0,"comment_status":"closed","ping_status":"closed","template":"elementor_header_footer","meta":{"ngg_post_thumbnail":0,"footnotes":""},"class_list":["post-1871","page","type-page","status-publish","hentry","entry"],"_links":{"self":[{"href":"https:\/\/inaktionwuensdorf.de\/move-camp\/wp-json\/wp\/v2\/pages\/1871","targetHints":{"allow":["GET"]}}],"collection":[{"href":"https:\/\/inaktionwuensdorf.de\/move-camp\/wp-json\/wp\/v2\/pages"}],"about":[{"href":"https:\/\/inaktionwuensdorf.de\/move-camp\/wp-json\/wp\/v2\/types\/page"}],"author":[{"embeddable":true,"href":"https:\/\/inaktionwuensdorf.de\/move-camp\/wp-json\/wp\/v2\/users\/1"}],"replies":[{"embeddable":true,"href":"https:\/\/inaktionwuensdorf.de\/move-camp\/wp-json\/wp\/v2\/comments?post=1871"}],"version-history":[{"count":221,"href":"https:\/\/inaktionwuensdorf.de\/move-camp\/wp-json\/wp\/v2\/pages\/1871\/revisions"}],"predecessor-version":[{"id":3927,"href":"https:\/\/inaktionwuensdorf.de\/move-camp\/wp-json\/wp\/v2\/pages\/1871\/revisions\/3927"}],"wp:attachment":[{"href":"https:\/\/inaktionwuensdorf.de\/move-camp\/wp-json\/wp\/v2\/media?parent=1871"}],"curies":[{"name":"wp","href":"https:\/\/api.w.org\/{rel}","templated":true}]}}