{"id":1836,"date":"2022-12-28T11:56:03","date_gmt":"2022-12-28T10:56:03","guid":{"rendered":"https:\/\/inaktionwuensdorf.de\/move-camp\/leitungsteam\/"},"modified":"2026-04-10T09:10:44","modified_gmt":"2026-04-10T07:10:44","slug":"leitungsteam","status":"publish","type":"page","link":"https:\/\/inaktionwuensdorf.de\/move-camp\/leitungsteam\/","title":{"rendered":"Leitungsteam"},"content":{"rendered":"\t\t<div data-elementor-type=\"wp-page\" data-elementor-id=\"1836\" class=\"elementor elementor-1836\">\n\t\t\t\t\t\t<section class=\"elementor-section elementor-top-section elementor-element elementor-element-42307c1c elementor-section-boxed elementor-section-height-default elementor-section-height-default\" data-id=\"42307c1c\" data-element_type=\"section\" data-e-type=\"section\" data-settings=\"{&quot;background_background&quot;:&quot;classic&quot;}\">\n\t\t\t\t\t\t<div class=\"elementor-container elementor-column-gap-default\">\n\t\t\t\t\t<div class=\"elementor-column elementor-col-100 elementor-top-column elementor-element elementor-element-46c5606c\" data-id=\"46c5606c\" data-element_type=\"column\" data-e-type=\"column\">\n\t\t\t<div class=\"elementor-widget-wrap elementor-element-populated\">\n\t\t\t\t\t\t<div class=\"elementor-element elementor-element-63b1065a elementor-widget elementor-widget-heading\" data-id=\"63b1065a\" data-element_type=\"widget\" data-e-type=\"widget\" data-widget_type=\"heading.default\">\n\t\t\t\t<div class=\"elementor-widget-container\">\n\t\t\t\t\t<h2 class=\"elementor-heading-title elementor-size-xxl\"><br>MOVE LEITUNGSTEAM<br><\/h2>\t\t\t\t<\/div>\n\t\t\t\t<\/div>\n\t\t\t\t\t<\/div>\n\t\t<\/div>\n\t\t\t\t\t<\/div>\n\t\t<\/section>\n\t\t\t\t<section class=\"elementor-section elementor-top-section elementor-element elementor-element-2156a1f1 elementor-section-boxed elementor-section-height-default elementor-section-height-default\" data-id=\"2156a1f1\" data-element_type=\"section\" data-e-type=\"section\" data-settings=\"{&quot;background_background&quot;:&quot;classic&quot;}\">\n\t\t\t\t\t\t<div class=\"elementor-container elementor-column-gap-default\">\n\t\t\t\t\t<div class=\"elementor-column elementor-col-25 elementor-top-column elementor-element elementor-element-1e660556\" data-id=\"1e660556\" data-element_type=\"column\" data-e-type=\"column\">\n\t\t\t<div class=\"elementor-widget-wrap elementor-element-populated\">\n\t\t\t\t\t\t<div class=\"elementor-element elementor-element-2548f81f elementor-widget elementor-widget-image\" data-id=\"2548f81f\" data-element_type=\"widget\" data-e-type=\"widget\" data-widget_type=\"image.default\">\n\t\t\t\t<div class=\"elementor-widget-container\">\n\t\t\t\t\t\t\t\t\t\t\t\t\t\t\t<img fetchpriority=\"high\" decoding=\"async\" width=\"229\" height=\"300\" src=\"https:\/\/inaktionwuensdorf.de\/move-camp\/wp-content\/uploads\/sites\/3\/2023\/01\/Rebekka_crop-229x300-1.jpeg\" class=\"attachment-medium size-medium wp-image-2137\" alt=\"\" \/>\t\t\t\t\t\t\t\t\t\t\t\t\t\t\t<\/div>\n\t\t\t\t<\/div>\n\t\t\t\t<div class=\"elementor-element elementor-element-3e84408a elementor-widget elementor-widget-text-editor\" data-id=\"3e84408a\" data-element_type=\"widget\" data-e-type=\"widget\" data-widget_type=\"text-editor.default\">\n\t\t\t\t<div class=\"elementor-widget-container\">\n\t\t\t\t\t\t\t\t\t<p><strong>Bekky Sivasothy<\/strong><\/p><p>Camp Leitung, Organisation<\/p><p>ICF Berlin<\/p><p><a href=\"mailto:rebekka.sivasothy@icf-berlin.de\">rebekka.sivasothy@icf-berlin.de<\/a><\/p>\t\t\t\t\t\t\t\t<\/div>\n\t\t\t\t<\/div>\n\t\t\t\t\t<\/div>\n\t\t<\/div>\n\t\t\t\t<div class=\"elementor-column elementor-col-25 elementor-top-column elementor-element elementor-element-2979dd16\" data-id=\"2979dd16\" data-element_type=\"column\" data-e-type=\"column\">\n\t\t\t<div class=\"elementor-widget-wrap elementor-element-populated\">\n\t\t\t\t\t\t<div class=\"elementor-element elementor-element-4ef175a5 elementor-widget elementor-widget-image\" data-id=\"4ef175a5\" data-element_type=\"widget\" data-e-type=\"widget\" data-widget_type=\"image.default\">\n\t\t\t\t<div class=\"elementor-widget-container\">\n\t\t\t\t\t\t\t\t\t\t\t\t\t\t\t<img decoding=\"async\" width=\"196\" height=\"300\" src=\"https:\/\/inaktionwuensdorf.de\/move-camp\/wp-content\/uploads\/sites\/3\/2023\/01\/08-01-MOVE-1-scaled-e1674039935796-196x300.jpg\" class=\"attachment-medium size-medium wp-image-2125\" alt=\"\" srcset=\"https:\/\/inaktionwuensdorf.de\/move-camp\/wp-content\/uploads\/sites\/3\/2023\/01\/08-01-MOVE-1-scaled-e1674039935796-196x300.jpg 196w, https:\/\/inaktionwuensdorf.de\/move-camp\/wp-content\/uploads\/sites\/3\/2023\/01\/08-01-MOVE-1-scaled-e1674039935796-668x1024.jpg 668w, https:\/\/inaktionwuensdorf.de\/move-camp\/wp-content\/uploads\/sites\/3\/2023\/01\/08-01-MOVE-1-scaled-e1674039935796-768x1178.jpg 768w, https:\/\/inaktionwuensdorf.de\/move-camp\/wp-content\/uploads\/sites\/3\/2023\/01\/08-01-MOVE-1-scaled-e1674039935796-1002x1536.jpg 1002w, https:\/\/inaktionwuensdorf.de\/move-camp\/wp-content\/uploads\/sites\/3\/2023\/01\/08-01-MOVE-1-scaled-e1674039935796.jpg 1113w\" sizes=\"(max-width: 196px) 100vw, 196px\" \/>\t\t\t\t\t\t\t\t\t\t\t\t\t\t\t<\/div>\n\t\t\t\t<\/div>\n\t\t\t\t<div class=\"elementor-element elementor-element-45a71d90 elementor-widget elementor-widget-text-editor\" data-id=\"45a71d90\" data-element_type=\"widget\" data-e-type=\"widget\" data-widget_type=\"text-editor.default\">\n\t\t\t\t<div class=\"elementor-widget-container\">\n\t\t\t\t\t\t\t\t\t<p><strong>Kathrin H\u00e4nsch<\/strong><\/p><p>Camp-Pastor, Gottesdienst-Programm<\/p><p>ICF Berlin<\/p><p><a href=\"mailto:kathrin.haensch@icf-berlin.de\">kathrin.haensch@inaktionwuensdorf.de<\/a><\/p>\t\t\t\t\t\t\t\t<\/div>\n\t\t\t\t<\/div>\n\t\t\t\t\t<\/div>\n\t\t<\/div>\n\t\t\t\t<div class=\"elementor-column elementor-col-25 elementor-top-column elementor-element elementor-element-1cab3985\" data-id=\"1cab3985\" data-element_type=\"column\" data-e-type=\"column\">\n\t\t\t<div class=\"elementor-widget-wrap elementor-element-populated\">\n\t\t\t\t\t\t<div class=\"elementor-element elementor-element-58860083 elementor-widget elementor-widget-image\" data-id=\"58860083\" data-element_type=\"widget\" data-e-type=\"widget\" data-widget_type=\"image.default\">\n\t\t\t\t<div class=\"elementor-widget-container\">\n\t\t\t\t\t\t\t\t\t\t\t\t\t\t\t<img decoding=\"async\" width=\"208\" height=\"300\" src=\"https:\/\/inaktionwuensdorf.de\/move-camp\/wp-content\/uploads\/sites\/3\/2023\/01\/08-01-MOVE-118-scaled-e1674039914195-208x300.jpg\" class=\"attachment-medium size-medium wp-image-2126\" alt=\"\" srcset=\"https:\/\/inaktionwuensdorf.de\/move-camp\/wp-content\/uploads\/sites\/3\/2023\/01\/08-01-MOVE-118-scaled-e1674039914195-208x300.jpg 208w, https:\/\/inaktionwuensdorf.de\/move-camp\/wp-content\/uploads\/sites\/3\/2023\/01\/08-01-MOVE-118-scaled-e1674039914195-710x1024.jpg 710w, https:\/\/inaktionwuensdorf.de\/move-camp\/wp-content\/uploads\/sites\/3\/2023\/01\/08-01-MOVE-118-scaled-e1674039914195-768x1107.jpg 768w, https:\/\/inaktionwuensdorf.de\/move-camp\/wp-content\/uploads\/sites\/3\/2023\/01\/08-01-MOVE-118-scaled-e1674039914195-1065x1536.jpg 1065w, https:\/\/inaktionwuensdorf.de\/move-camp\/wp-content\/uploads\/sites\/3\/2023\/01\/08-01-MOVE-118-scaled-e1674039914195.jpg 1145w\" sizes=\"(max-width: 208px) 100vw, 208px\" \/>\t\t\t\t\t\t\t\t\t\t\t\t\t\t\t<\/div>\n\t\t\t\t<\/div>\n\t\t\t\t<div class=\"elementor-element elementor-element-2470f8fb elementor-widget elementor-widget-text-editor\" data-id=\"2470f8fb\" data-element_type=\"widget\" data-e-type=\"widget\" data-widget_type=\"text-editor.default\">\n\t\t\t\t<div class=\"elementor-widget-container\">\n\t\t\t\t\t\t\t\t\t<p><strong>Suji Sivasothy<\/strong><\/p><p>Gottesdienst Leitung<\/p><p>ICF Berlin\u00a0<\/p><p><a href=\"mailto:suji.sivasothy@icf-berlin.de\">suji.sivasothy@icf-berlin.de<\/a><\/p>\t\t\t\t\t\t\t\t<\/div>\n\t\t\t\t<\/div>\n\t\t\t\t\t<\/div>\n\t\t<\/div>\n\t\t\t\t<div class=\"elementor-column elementor-col-25 elementor-top-column elementor-element elementor-element-d6a5201\" data-id=\"d6a5201\" data-element_type=\"column\" data-e-type=\"column\">\n\t\t\t<div class=\"elementor-widget-wrap elementor-element-populated\">\n\t\t\t\t\t\t<div class=\"elementor-element elementor-element-d4d3d6a elementor-widget elementor-widget-image\" data-id=\"d4d3d6a\" data-element_type=\"widget\" data-e-type=\"widget\" data-widget_type=\"image.default\">\n\t\t\t\t<div class=\"elementor-widget-container\">\n\t\t\t\t\t\t\t\t\t\t\t\t\t\t\t<img loading=\"lazy\" decoding=\"async\" width=\"205\" height=\"300\" src=\"https:\/\/inaktionwuensdorf.de\/move-camp\/wp-content\/uploads\/sites\/3\/2023\/01\/08-06-MOVE-24-scaled-e1674039880369-205x300.jpg\" class=\"attachment-medium size-medium wp-image-2131\" alt=\"\" srcset=\"https:\/\/inaktionwuensdorf.de\/move-camp\/wp-content\/uploads\/sites\/3\/2023\/01\/08-06-MOVE-24-scaled-e1674039880369-205x300.jpg 205w, https:\/\/inaktionwuensdorf.de\/move-camp\/wp-content\/uploads\/sites\/3\/2023\/01\/08-06-MOVE-24-scaled-e1674039880369-700x1024.jpg 700w, https:\/\/inaktionwuensdorf.de\/move-camp\/wp-content\/uploads\/sites\/3\/2023\/01\/08-06-MOVE-24-scaled-e1674039880369-768x1123.jpg 768w, https:\/\/inaktionwuensdorf.de\/move-camp\/wp-content\/uploads\/sites\/3\/2023\/01\/08-06-MOVE-24-scaled-e1674039880369-1050x1536.jpg 1050w, https:\/\/inaktionwuensdorf.de\/move-camp\/wp-content\/uploads\/sites\/3\/2023\/01\/08-06-MOVE-24-scaled-e1674039880369.jpg 1164w\" sizes=\"(max-width: 205px) 100vw, 205px\" \/>\t\t\t\t\t\t\t\t\t\t\t\t\t\t\t<\/div>\n\t\t\t\t<\/div>\n\t\t\t\t<div class=\"elementor-element elementor-element-387e843 elementor-widget elementor-widget-text-editor\" data-id=\"387e843\" data-element_type=\"widget\" data-e-type=\"widget\" data-widget_type=\"text-editor.default\">\n\t\t\t\t<div class=\"elementor-widget-container\">\n\t\t\t\t\t\t\t\t\t<p><strong>Maya Rolim<\/strong><\/p><p>Zelteltern und Gebetsteam Leitung<\/p><p>ICF Berlin\u00a0<\/p><p><a href=\"mailto:maya.rolim@icf-berlin.de\">maya.rolim@icf-berlin.de<\/a><\/p>\t\t\t\t\t\t\t\t<\/div>\n\t\t\t\t<\/div>\n\t\t\t\t\t<\/div>\n\t\t<\/div>\n\t\t\t\t\t<\/div>\n\t\t<\/section>\n\t\t\t\t<section class=\"elementor-section elementor-top-section elementor-element elementor-element-5f6551c8 elementor-section-full_width elementor-section-height-default elementor-section-height-default\" data-id=\"5f6551c8\" data-element_type=\"section\" data-e-type=\"section\" data-settings=\"{&quot;background_background&quot;:&quot;classic&quot;}\">\n\t\t\t\t\t\t\t<div class=\"elementor-background-overlay\"><\/div>\n\t\t\t\t\t\t\t<div class=\"elementor-container elementor-column-gap-default\">\n\t\t\t\t\t<div class=\"elementor-column elementor-col-33 elementor-top-column elementor-element elementor-element-477e3d67\" data-id=\"477e3d67\" data-element_type=\"column\" data-e-type=\"column\">\n\t\t\t<div class=\"elementor-widget-wrap elementor-element-populated\">\n\t\t\t\t\t\t<div class=\"elementor-element elementor-element-2d09d763 elementor-widget elementor-widget-image\" data-id=\"2d09d763\" data-element_type=\"widget\" data-e-type=\"widget\" data-widget_type=\"image.default\">\n\t\t\t\t<div class=\"elementor-widget-container\">\n\t\t\t\t\t\t\t\t\t\t\t\t\t\t\t<img loading=\"lazy\" decoding=\"async\" width=\"200\" height=\"113\" src=\"https:\/\/inaktionwuensdorf.de\/move-camp\/wp-content\/uploads\/sites\/3\/2022\/12\/inaktion-1.png\" class=\"attachment-medium size-medium wp-image-1828\" alt=\"\" \/>\t\t\t\t\t\t\t\t\t\t\t\t\t\t\t<\/div>\n\t\t\t\t<\/div>\n\t\t\t\t\t<\/div>\n\t\t<\/div>\n\t\t\t\t<div class=\"elementor-column elementor-col-33 elementor-top-column elementor-element elementor-element-341958a1\" data-id=\"341958a1\" data-element_type=\"column\" data-e-type=\"column\">\n\t\t\t<div class=\"elementor-widget-wrap elementor-element-populated\">\n\t\t\t\t\t\t<div class=\"elementor-element elementor-element-578bd3f7 elementor-widget elementor-widget-text-editor\" data-id=\"578bd3f7\" data-element_type=\"widget\" data-e-type=\"widget\" data-widget_type=\"text-editor.default\">\n\t\t\t\t<div class=\"elementor-widget-container\">\n\t\t\t\t\t\t\t\t\t<h2><span style=\"color: #ffffff\">Bankverbindung<\/span><\/h2><p>InAktion W\u00fcnsdorf e.V.<br \/>IBAN:DE42160500003640000071<\/p><p>Wir freuen uns auch \u00fcber Spenden!<\/p>\t\t\t\t\t\t\t\t<\/div>\n\t\t\t\t<\/div>\n\t\t\t\t\t<\/div>\n\t\t<\/div>\n\t\t\t\t<div class=\"elementor-column elementor-col-33 elementor-top-column elementor-element elementor-element-662e73a1\" data-id=\"662e73a1\" data-element_type=\"column\" data-e-type=\"column\">\n\t\t\t<div class=\"elementor-widget-wrap elementor-element-populated\">\n\t\t\t\t\t\t<div class=\"elementor-element elementor-element-63e21b6c elementor-widget elementor-widget-text-editor\" data-id=\"63e21b6c\" data-element_type=\"widget\" data-e-type=\"widget\" data-widget_type=\"text-editor.default\">\n\t\t\t\t<div class=\"elementor-widget-container\">\n\t\t\t\t\t\t\t\t\t<h2><span style=\"color: #ffffff\"><strong>Kontakt<\/strong><\/span><\/h2><p>Ansprechpartner Anmeldung und Vereinsb\u00fcro: Katrin Volkmann<\/p><p>E-Mail: <a href=\"mailto:info@inaktionwuensdorf.de\">info@inaktionwuensdorf.de<\/a><br \/>Telefon: 0176-30129217<\/p>\t\t\t\t\t\t\t\t<\/div>\n\t\t\t\t<\/div>\n\t\t\t\t\t<\/div>\n\t\t<\/div>\n\t\t\t\t\t<\/div>\n\t\t<\/section>\n\t\t\t\t<\/div>\n\t\t","protected":false},"excerpt":{"rendered":"<p>MOVE LEITUNGSTEAM Bekky Sivasothy Camp Leitung, Organisation ICF Berlin rebekka.sivasothy@icf-berlin.de Kathrin H\u00e4nsch Camp-Pastor, Gottesdienst-Programm ICF Berlin kathrin.haensch@inaktionwuensdorf.de Suji Sivasothy Gottesdienst Leitung ICF Berlin\u00a0 suji.sivasothy@icf-berlin.de Maya Rolim Zelteltern und Gebetsteam Leitung ICF Berlin\u00a0 maya.rolim@icf-berlin.de Bankverbindung InAktion W\u00fcnsdorf e.V.IBAN:DE42160500003640000071 Wir freuen uns auch \u00fcber Spenden! Kontakt Ansprechpartner Anmeldung und Vereinsb\u00fcro: Katrin Volkmann E-Mail: info@inaktionwuensdorf.deTelefon: 0176-30129217<\/p>\n","protected":false},"author":1,"featured_media":0,"parent":0,"menu_order":0,"comment_status":"closed","ping_status":"closed","template":"elementor_header_footer","meta":{"ngg_post_thumbnail":0,"footnotes":""},"class_list":["post-1836","page","type-page","status-publish","hentry","entry"],"_links":{"self":[{"href":"https:\/\/inaktionwuensdorf.de\/move-camp\/wp-json\/wp\/v2\/pages\/1836","targetHints":{"allow":["GET"]}}],"collection":[{"href":"https:\/\/inaktionwuensdorf.de\/move-camp\/wp-json\/wp\/v2\/pages"}],"about":[{"href":"https:\/\/inaktionwuensdorf.de\/move-camp\/wp-json\/wp\/v2\/types\/page"}],"author":[{"embeddable":true,"href":"https:\/\/inaktionwuensdorf.de\/move-camp\/wp-json\/wp\/v2\/users\/1"}],"replies":[{"embeddable":true,"href":"https:\/\/inaktionwuensdorf.de\/move-camp\/wp-json\/wp\/v2\/comments?post=1836"}],"version-history":[{"count":36,"href":"https:\/\/inaktionwuensdorf.de\/move-camp\/wp-json\/wp\/v2\/pages\/1836\/revisions"}],"predecessor-version":[{"id":4051,"href":"https:\/\/inaktionwuensdorf.de\/move-camp\/wp-json\/wp\/v2\/pages\/1836\/revisions\/4051"}],"wp:attachment":[{"href":"https:\/\/inaktionwuensdorf.de\/move-camp\/wp-json\/wp\/v2\/media?parent=1836"}],"curies":[{"name":"wp","href":"https:\/\/api.w.org\/{rel}","templated":true}]}}